{"id":1043,"date":"2023-03-30T10:54:38","date_gmt":"2023-03-30T13:54:38","guid":{"rendered":"http:\/\/localhost\/sitecehap\/?page_id=1043"},"modified":"2024-07-11T12:27:13","modified_gmt":"2024-07-11T15:27:13","slug":"rh-controle-interno","status":"publish","type":"page","link":"http:\/\/cehap.pb.gov.br\/sitecehap\/rh-controle-interno\/","title":{"rendered":"RH &#8211; Controle Interno"},"content":{"rendered":"<p>[et_pb_section fb_built=&#8221;1&#8243; _builder_version=&#8221;4.16&#8243; global_colors_info=&#8221;{}&#8221;][et_pb_row _builder_version=&#8221;4.16&#8243; global_colors_info=&#8221;{}&#8221;][et_pb_column type=&#8221;4_4&#8243; _builder_version=&#8221;4.16&#8243; global_colors_info=&#8221;{}&#8221;][et_pb_text _builder_version=&#8221;4.16&#8243; global_colors_info=&#8221;{}&#8221;]<\/p>\n<h1><strong>SUBGER\u00caNCIA DE RECURSOS HUMANOS-RH<\/strong><\/h1>\n<p>[\/et_pb_text][\/et_pb_column][\/et_pb_row][et_pb_row column_structure=&#8221;1_2,1_2&#8243; _builder_version=&#8221;4.16&#8243; border_width_bottom=&#8221;1px&#8221; border_color_bottom=&#8221;#b7b7b7&#8243; global_colors_info=&#8221;{}&#8221;][et_pb_column type=&#8221;1_2&#8243; _builder_version=&#8221;4.16&#8243; global_colors_info=&#8221;{}&#8221;][et_pb_text _builder_version=&#8221;4.16&#8243; global_colors_info=&#8221;{}&#8221;]<\/p>\n<p><strong>CONTATOS<\/strong><\/p>\n<p><strong>\u00a0<\/strong>Telefone (83) 3213 -9191 ou 9414 \u2013 Ramal 204\u00a0<\/p>\n<p>[\/et_pb_text][\/et_pb_column][et_pb_column type=&#8221;1_2&#8243; _builder_version=&#8221;4.16&#8243; global_colors_info=&#8221;{}&#8221;][et_pb_text _builder_version=&#8221;4.16&#8243; global_colors_info=&#8221;{}&#8221;]<\/p>\n<p><strong>E-MAIL <\/strong><\/p>\n<p><strong>cehaprh@gamil.com<\/strong><\/p>\n<p>[\/et_pb_text][\/et_pb_column][\/et_pb_row][et_pb_row _builder_version=&#8221;4.16&#8243; custom_padding=&#8221;||13px|||&#8221; global_colors_info=&#8221;{}&#8221;][et_pb_column type=&#8221;4_4&#8243; _builder_version=&#8221;4.16&#8243; global_colors_info=&#8221;{}&#8221;][et_pb_text _builder_version=&#8221;4.25.2&#8243; custom_margin=&#8221;||-16px|||&#8221; custom_padding=&#8221;||0px|||&#8221; hover_enabled=&#8221;0&#8243; global_colors_info=&#8221;{}&#8221; sticky_enabled=&#8221;0&#8243;]<\/p>\n<h3><strong>Legisla\u00e7\u00e3o<\/strong><\/h3>\n<ul>\n<li><a href=\"http:\/\/cehap.pb.gov.br\/anexos\/RH-ControleInterno\/Estatuto%20e%20Regimento%20Cehap.pdf\" target=\"_blank\" rel=\"noopener noreferrer\" title=\"Estatuto R I\">ESTATUTO E REGIMENTO INTERNO DA CEHAP<\/a><\/li>\n<li><a href=\"http:\/\/cehap.pb.gov.br\/anexos\/RH-ControleInterno\/Estatuto-do-servidor.pdf\" target=\"_blank\" rel=\"noopener noreferrer\" title=\"Estatuto Servidor\">ESTATUTO DO SERVIDOR P\u00daBLICO DO ESTADO<\/a><\/li>\n<li><a href=\"http:\/\/cehap.pb.gov.br\/anexos\/RH-ControleInterno\/CLT.pdf\" target=\"_blank\" rel=\"noopener noreferrer\" title=\"CLT\">CLT<\/a><\/li>\n<li><a href=\"http:\/\/cehap.pb.gov.br\/anexos\/RH-ControleInterno\/LEI%20N%c2%ba%208.447-2008%20%20-%20PCCR%20CEHAP.pdf\" target=\"_blank\" rel=\"noopener noreferrer\" title=\"PCCR\">LEI N\u00ba 8.447\/2008 (PCCR)<\/a><\/li>\n<li><a href=\"http:\/\/cehap.pb.gov.br\/anexos\/RH-ControleInterno\/DECRETO%2036.200-2015%20-%20JORNADA%20DE%20TRABALHO%20DOS%20%20SERVIDORES.PDF\" target=\"_blank\" rel=\"noopener noreferrer\" title=\"Jornada de Trabalho\">DECRETO N\u00ba 36.200\/2015 (JORNADA DE TRABALHO)<\/a><\/li>\n<li><a href=\"http:\/\/cehap.pb.gov.br\/anexos\/RH-ControleInterno\/REGULAMENTO%20%20N%c2%ba%2001-2020.pdf\" target=\"_blank\" rel=\"noopener noreferrer\" title=\"Regulamento\">REGULAMENTO N\u00ba 001\/2020<\/a><\/li>\n<li><a href=\"http:\/\/cehap.pb.gov.br\/anexos\/RH-ControleInterno\/DECRETO%20N%c2%ba%2045077%20DE%2021%20DE%20MAIO%20DE%202024.pdf\" target=\"_blank\" rel=\"noopener noreferrer\" title=\"Regulamento\">DECRETO N\u00ba 45077 DE 21 DE MAIO DE 2024 &#8211; AUX\u00cdLIO ALIMENTA\u00c7\u00c3O<\/a><\/li>\n<\/ul>\n<p>[\/et_pb_text][\/et_pb_column][\/et_pb_row][et_pb_row _builder_version=&#8221;4.16&#8243; border_width_bottom=&#8221;1px&#8221; border_color_bottom=&#8221;#afafaf&#8221; global_colors_info=&#8221;{}&#8221;][et_pb_column type=&#8221;4_4&#8243; _builder_version=&#8221;4.16&#8243; global_colors_info=&#8221;{}&#8221;][et_pb_toggle title=&#8221;DOCUMENTOS NECESS\u00c1RIOS PARA INVESTIDURA EM CARGO P\u00daBLICO&#8221; open_toggle_background_color=&#8221;#f4f4f4&#8243; closed_toggle_background_color=&#8221;#ffffff&#8221; _builder_version=&#8221;4.16&#8243; custom_margin=&#8221;||21px|||&#8221; border_radii=&#8221;on|10px|10px|10px|10px&#8221; global_colors_info=&#8221;{}&#8221;]<\/p>\n<ul>\n<li>01 Foto 3 x 4 (recente);<\/li>\n<li>Comprovante de resid\u00eancia completo;<\/li>\n<li>C\u00f3pia do RG;<\/li>\n<li>C\u00f3pia do CPF;<\/li>\n<li>C\u00f3pia do t\u00edtulo de eleitor;<\/li>\n<li>C\u00f3pia do diploma ou certificado de escolaridade;<\/li>\n<li>C\u00f3pia da Reservista, com comprova\u00e7\u00e3o de estar em dia com as obriga\u00e7\u00f5es do servi\u00e7o militar (Para homens);<\/li>\n<li>C\u00f3pia da certid\u00e3o de nascimento \u2013 se solteiro (a);<\/li>\n<li>C\u00f3pia da certid\u00e3o de casamento &#8211; se casado (a);<\/li>\n<li>C\u00f3pia da certid\u00e3o de nascimento dos filhos &#8211; se houver;<\/li>\n<li>Declara\u00e7\u00e3o de bens com dados at\u00e9 a data da admiss\u00e3o;<\/li>\n<li>Declara\u00e7\u00e3o de Imposto Renda do \u00faltimo exerc\u00edcio \u2013 se houver;<\/li>\n<li>Declara\u00e7\u00e3o na qual conste n\u00e3o haver sofrido penalidade disciplinar em quaisquer fun\u00e7\u00f5es p\u00fablicas, nas esferas federal, estadual ou municipal;<\/li>\n<li>N\u00famero do PIS\/PASEP;<\/li>\n<li>Dados banc\u00e1rios para pagamento de sal\u00e1rio (ag\u00eancia e conta corrente do Banco Bradesco);<\/li>\n<li>N\u00fameros de telefones residenciais e celulares;<\/li>\n<li>C\u00f3pia da p\u00e1gina principal da Carteira profissional (onde consta o n\u00famero).<\/li>\n<\/ul>\n<p>[\/et_pb_toggle][et_pb_toggle title=&#8221;ATRIBUI\u00c7\u00c3O DA SUBGERENCIA DO RH&#8221; open_toggle_background_color=&#8221;#f4f4f4&#8243; closed_toggle_background_color=&#8221;#ffffff&#8221; _builder_version=&#8221;4.16&#8243; border_radii=&#8221;on|10px|10px|10px|10px&#8221; global_colors_info=&#8221;{}&#8221;]<\/p>\n<ol>\n<li>manter cadastro atualizado sobre o Quadro de Pessoal da Companhia;<\/li>\n<li>manter arquivo de assentamentos individuais do Quadro de Pessoal e toda a documenta\u00e7\u00e3o espec\u00edfica de interesse da Companhia;<\/li>\n<li>preparar atos oficiais relativos ao pessoal, de acordo com as exig\u00eancias legais e regulamentares;<\/li>\n<li>efetivar admiss\u00f5es e dispensas autorizadas, mantendo controle quanto aos contratos por prazo ou tarefa certa;<\/li>\n<li>manter em dia registros e fichas de empregados, para efeito de fiscaliza\u00e7\u00e3o, observada a regulamenta\u00e7\u00e3o espec\u00edfica em vigor;<\/li>\n<li>fornecer certid\u00f5es, declara\u00e7\u00f5es e atestados relativos ao pessoal, quando autorizados;<\/li>\n<li>expedir carteira de identifica\u00e7\u00e3o profissional, na forma que for regulamentada;<\/li>\n<li>manter cadastro da legisla\u00e7\u00e3o geral de interesse do pessoal, celetista ou estatut\u00e1rio;<\/li>\n<li>manter, com anota\u00e7\u00f5es atualizadas, o arquivo de Fichas Financeiras Individuais, do pessoal em exerc\u00edcio na Companhia;<\/li>\n<li>preparar elementos para elabora\u00e7\u00e3o mensal da folha de pagamento, do Quadro de Pessoal da CEHAP;<\/li>\n<li>preparar, registrar e controlar as di\u00e1rias pagas ao pessoal;<\/li>\n<li>manter controle de f\u00e9rias e elaborar os respectivos mapas de programa\u00e7\u00e3o aprovada para a sua concess\u00e3o, discriminados por Diretoria;<\/li>\n<li>controlar o registro de entrada e sa\u00edda dos empregados, observando o sistema adotado para controle do ponto ou presen\u00e7a di\u00e1ria, registrando as ocorr\u00eancias de freq\u00fc\u00eancia dos empregados, para fins de apura\u00e7\u00e3o do tempo de servi\u00e7o, inclusive as referentes aos servidores requisitados de outros \u00f3rg\u00e3os;<\/li>\n<li>proceder \u00e0s anota\u00e7\u00f5es nas Carteiras de Trabalho e Previd\u00eancia Social, do empregado celetista da Companhia;<\/li>\n<li>fornecer, nos modelos pr\u00f3prios e segundo as normas em vigor, atestados de sal\u00e1rios, proventos e vantagens financeiras do empregado, destinados \u00e0 obten\u00e7\u00e3o de benef\u00edcios previdenci\u00e1rios e quaisquer outros;<\/li>\n<li>fornecer aos empregados contratados ou colaboradores as declara\u00e7\u00f5es dos descontos relativos ao Imposto de Renda e comprovantes do banco deposit\u00e1rios referentes ao FGTS, Imposto Sindical e ISS;<\/li>\n<li>informar mensalmente a freq\u00fc\u00eancia dos servidores postos a disposi\u00e7\u00e3o da CEHAP;<\/li>\n<li>manter atualizado o demonstrativo de margem consign\u00e1vel dos empregados;<\/li>\n<li>elaborar c\u00e1lculos para recolhimento de encargos sociais (INSS, FGTS, IMPOSTO DE RENDA, CONTRIBUI\u00c7\u00c3O SINDICAL, etc.);<\/li>\n<li>Informar \u00e0 Receita Federal, atrav\u00e9s da DIRF e SEFIP\/GFIP valores relativos ao imposto de renda retido na fonte dos empregados e valores declarados \u00e0 Previd\u00eancia Social para fins de aposentadoria por tempo de servi\u00e7o;<\/li>\n<li>Informar ao Minist\u00e9rio do Trabalho a RAIS e outros atos relativos \u00e0 pratica de admiss\u00f5es e demiss\u00f5es de empregados;<\/li>\n<li>prestar informes e orienta\u00e7\u00f5es relativas aos direitos e benef\u00edcios, legais e previdenci\u00e1rios, dos empregados e seus familiares;<\/li>\n<li>receber, informar e encaminhar processos, documentos e pap\u00e9is;<\/li>\n<li>executar outras atividades compat\u00edveis com a sua \u00e1rea de atua\u00e7\u00e3o.<\/li>\n<\/ol>\n<p>[\/et_pb_toggle][\/et_pb_column][\/et_pb_row][et_pb_row _builder_version=&#8221;4.16&#8243; min_height=&#8221;97px&#8221; border_width_bottom=&#8221;1px&#8221; border_color_bottom=&#8221;#afafaf&#8221; global_colors_info=&#8221;{}&#8221;][et_pb_column type=&#8221;4_4&#8243; _builder_version=&#8221;4.16&#8243; global_colors_info=&#8221;{}&#8221;][et_pb_text _builder_version=&#8221;4.16&#8243; global_colors_info=&#8221;{}&#8221;]<\/p>\n<h3><strong>REQUERIMENTOS<\/strong><\/h3>\n<p>[\/et_pb_text][et_pb_toggle title=&#8221;ESTATUT\u00c1RIOS&#8221; open_toggle_background_color=&#8221;#f4f4f4&#8243; closed_toggle_background_color=&#8221;#ffffff&#8221; _builder_version=&#8221;4.16&#8243; border_radii=&#8221;on|10px|10px|10px|10px&#8221; global_colors_info=&#8221;{}&#8221;]<\/p>\n<ul>\n<li><strong>ABONO PERMAN\u00caNCIA<\/strong>\n<ul>\n<li>C\u00d3PIAS DOS SEGUINTES DOCUMENTOS: FICHA DE REGISTRO FUNCIONAL, FICHA FINANCEIRA, DIARIO OFICIAL, CTPS, CONTRACHEQUE DO ESTADO E DA CEHAP, RG E CPF.<\/li>\n<\/ul>\n<\/li>\n<li><strong>RESSARCIMENTO DAS CONTRIBUI\u00c7\u00d5ES PREVIDENCI\u00c1RIAS<\/strong>\n<ul>\n<li>C\u00d3PIAS DOS SEGUINTES DOCUMENTOS: FICHA DE REGISTRO FUNCIONAL, FICHA FINANCEIRA, DIARIO OFICIAL, CTPS, CONTRACHEQUE DO ESTADO E DA CEHAP, RG E CPF.<\/li>\n<\/ul>\n<\/li>\n<li><strong>PROGRESS\u00c3O FUNCIONAL HORIZONTAL<\/strong>\n<ul>\n<li>C\u00d3PIAS DOS SEGUINTES DOCUMENTOS: FICHA DE REGISTRO FUNCIONAL, FICHA FINANCEIRA, AVALIA\u00c7\u00c3O DESEMPENHO, CTPS, CONTRACHEQUE DO ESTADO E DA CEHAP, RG E CPF.<\/li>\n<\/ul>\n<\/li>\n<li><strong>PROGRESS\u00c3O FUNCIONAL VERTICAL<\/strong>\n<ul>\n<li>C\u00d3PIAS DOS SEGUINTES: FICHA DE REGISTRO FUNCIONAL, FICHA FINANCEIRA, AVALIA\u00c7\u00c3O DE DESEMPENHO, CTPS, CONTRACHEQUE DO ESTADO E DA CEHAP, RG E CPF.<\/li>\n<\/ul>\n<\/li>\n<li><strong>LICEN\u00c7A<\/strong><\/li>\n<li><strong>LICEN\u00c7A ESPECIAL<\/strong><\/li>\n<\/ul>\n<p>[\/et_pb_toggle][et_pb_toggle title=&#8221;CELETISTAS&#8221; open_toggle_background_color=&#8221;#f4f4f4&#8243; closed_toggle_background_color=&#8221;#ffffff&#8221; _builder_version=&#8221;4.16&#8243; border_radii=&#8221;on|10px|10px|10px|10px&#8221; global_colors_info=&#8221;{}&#8221;]<\/p>\n<ul>\n<li><strong>PROGRESS\u00c3O FUNCIONAL HORIZONTAL<\/strong>\n<ul>\n<li>C\u00d3PIAS DOS SEGUINTES: FICHA DE REGISTRO, FICHA FINANCEIRA, AVALIA\u00c7\u00c3O DE DESEMPENHO, CTPS, CONTRACHEQUE DO ESTADO E DA CEHAP, RG E CPF.<\/li>\n<\/ul>\n<\/li>\n<li><strong>PROGRESS\u00c3O FUNCIONAL VERTICAL<\/strong>\n<ul>\n<li>\u00a0C\u00d3PIAS DOS SEGUINTES: FICHA DE REGISTRO, FICHA FINANCEIRA, AVALIA\u00c7\u00c3O DE DESEMPENHO, CTPS, CONTRACHEQUE DO ESTADO E DA CEHAP, RG E CPF.<\/li>\n<\/ul>\n<\/li>\n<\/ul>\n<p>[\/et_pb_toggle][\/et_pb_column][\/et_pb_row][et_pb_row _builder_version=&#8221;4.16&#8243; global_colors_info=&#8221;{}&#8221;][et_pb_column type=&#8221;4_4&#8243; _builder_version=&#8221;4.16&#8243; global_colors_info=&#8221;{}&#8221;][et_pb_text _builder_version=&#8221;4.16&#8243; global_colors_info=&#8221;{}&#8221;]<\/p>\n<h3><strong>REQUERIMENTOS DIVERSOS<\/strong><\/h3>\n<p>[\/et_pb_text][et_pb_text _builder_version=&#8221;4.25.2&#8243; hover_enabled=&#8221;0&#8243; global_colors_info=&#8221;{}&#8221; sticky_enabled=&#8221;0&#8243;]<\/p>\n<ul>\n<li><a href=\"http:\/\/cehap.pb.gov.br\/anexos\/RH-ControleInterno\/PROGRAMA%c3%87%c3%83O%20DE%20FERIAS.xls\" target=\"_blank\" rel=\"noopener noreferrer\" title=\"Programa\u00e7\u00e3o de F\u00e9rias\">PROGRAMA\u00c7\u00c3O DE F\u00c9RIAS<\/a><\/li>\n<li><a href=\"http:\/\/cehap.pb.gov.br\/anexos\/RH-ControleInterno\/SOLICITA%c3%87%c3%83O%20DE%20VALE%20TRANSPORTES.docx\" target=\"_blank\" rel=\"noopener noreferrer\" title=\"Vale Transporte\">FORMUL\u00c1RIO PARA SOLICITA\u00c7\u00c3O DE VALE TRANSPORTE<\/a><\/li>\n<li><a href=\"PROTOCOLO%20DE ENTREGA E RECEBIMENTO DA CTPS.pdf\" target=\"_blank\" rel=\"noopener noreferrer\" title=\"Entrega CTPS\">PROTOCOLO DE ENTREGA E RECEBIMENTO DA CTPS<\/a><\/li>\n<li>TERMO DE IN\u00cdCIO DAS ATIVIDADES<\/li>\n<li><a href=\"http:\/\/cehap.pb.gov.br\/anexos\/RH-ControleInterno\/1.%20DECLARA%c3%87%c3%83O%20DE%20COMPARECIMENTO.doc\" target=\"_blank\" rel=\"noopener noreferrer\" title=\"Declara\u00e7\u00e3o de Comparecimento\">DECLARA\u00c7\u00c3O DE COMPARECIMENTO<\/a><\/li>\n<li><a href=\"http:\/\/cehap.pb.gov.br\/anexos\/RH-ControleInterno\/Question%c3%a1rio%20Avalia%c3%a7%c3%a3o%20de%20Desempenho.pdf\" target=\"_blank\" rel=\"noopener noreferrer\" title=\"Avaliacao Desempenho\">QUESTIONARIO DE AVALIA\u00c7\u00c3O DE DESEMPENHO DO SERVIDOR\/FUNCIN\u00c1RIO P\u00daBLICO<\/a><\/li>\n<li><a href=\"http:\/\/cehap.pb.gov.br\/anexos\/RH-ControleInterno\/REQUERIMENTO%20PARA%20ABONO%20PECUNI%c3%81RIO.docx\" target=\"_blank\" rel=\"noopener noreferrer\" title=\"Abono Pecuni\u00e1rio\">ABONO PECUNIARIO<\/a><\/li>\n<li><a href=\"http:\/\/cehap.pb.gov.br\/anexos\/RH-ControleInterno\/REQUERIMENTO%20AUX.%20ALIMENTA%c3%87%c3%83O.pdf\" target=\"_blank\" rel=\"noopener noreferrer\" title=\"Abono Pecuni\u00e1rio\">REQUERIMENTO AUX\u00cdLIO ALIMENTA\u00c7\u00c3O<\/a><\/li>\n<\/ul>\n<p>[\/et_pb_text][\/et_pb_column][\/et_pb_row][\/et_pb_section]<\/p>\n","protected":false},"excerpt":{"rendered":"<p>SUBGER\u00caNCIA DE RECURSOS HUMANOS-RHCONTATOS \u00a0Telefone (83) 3213 -9191 ou 9414 \u2013 Ramal 204\u00a0E-MAIL cehaprh@gamil.comLegisla\u00e7\u00e3o ESTATUTO E REGIMENTO INTERNO DA CEHAP ESTATUTO DO SERVIDOR P\u00daBLICO DO ESTADO CLT LEI N\u00ba 8.447\/2008 (PCCR) DECRETO N\u00ba 36.200\/2015 (JORNADA DE TRABALHO) REGULAMENTO N\u00ba 001\/2020 DECRETO N\u00ba 45077 DE 21 DE MAIO DE 2024 &#8211; AUX\u00cdLIO ALIMENTA\u00c7\u00c3O 01 Foto 3 [&hellip;]<\/p>\n","protected":false},"author":1,"featured_media":0,"parent":0,"menu_order":0,"comment_status":"closed","ping_status":"closed","template":"","meta":{"_et_pb_use_builder":"on","_et_pb_old_content":"","_et_gb_content_width":"","footnotes":""},"class_list":["post-1043","page","type-page","status-publish","hentry"],"_links":{"self":[{"href":"http:\/\/cehap.pb.gov.br\/sitecehap\/wp-json\/wp\/v2\/pages\/1043","targetHints":{"allow":["GET"]}}],"collection":[{"href":"http:\/\/cehap.pb.gov.br\/sitecehap\/wp-json\/wp\/v2\/pages"}],"about":[{"href":"http:\/\/cehap.pb.gov.br\/sitecehap\/wp-json\/wp\/v2\/types\/page"}],"author":[{"embeddable":true,"href":"http:\/\/cehap.pb.gov.br\/sitecehap\/wp-json\/wp\/v2\/users\/1"}],"replies":[{"embeddable":true,"href":"http:\/\/cehap.pb.gov.br\/sitecehap\/wp-json\/wp\/v2\/comments?post=1043"}],"version-history":[{"count":10,"href":"http:\/\/cehap.pb.gov.br\/sitecehap\/wp-json\/wp\/v2\/pages\/1043\/revisions"}],"predecessor-version":[{"id":1599,"href":"http:\/\/cehap.pb.gov.br\/sitecehap\/wp-json\/wp\/v2\/pages\/1043\/revisions\/1599"}],"wp:attachment":[{"href":"http:\/\/cehap.pb.gov.br\/sitecehap\/wp-json\/wp\/v2\/media?parent=1043"}],"curies":[{"name":"wp","href":"https:\/\/api.w.org\/{rel}","templated":true}]}}