{"id":1565,"date":"2024-06-18T12:31:34","date_gmt":"2024-06-18T15:31:34","guid":{"rendered":"http:\/\/cehap.pb.gov.br\/sitecehap\/?page_id=1565"},"modified":"2024-06-18T17:39:14","modified_gmt":"2024-06-18T20:39:14","slug":"secretariado","status":"publish","type":"page","link":"http:\/\/cehap.pb.gov.br\/sitecehap\/secretariado\/","title":{"rendered":"Secretariado"},"content":{"rendered":"<p>[et_pb_section fb_built=&#8221;1&#8243; _builder_version=&#8221;4.16&#8243; global_colors_info=&#8221;{}&#8221;][et_pb_row _builder_version=&#8221;4.16&#8243; global_colors_info=&#8221;{}&#8221;][et_pb_column type=&#8221;4_4&#8243; _builder_version=&#8221;4.16&#8243; global_colors_info=&#8221;{}&#8221;][et_pb_text _builder_version=&#8221;4.25.2&#8243; text_font_size=&#8221;12px&#8221; text_orientation=&#8221;center&#8221; global_colors_info=&#8221;{}&#8221;]<\/p>\n<h1><strong>SECRETARIADO<\/strong><\/h1>\n<p>[\/et_pb_text][\/et_pb_column][\/et_pb_row][et_pb_row column_structure=&#8221;1_3,1_3,1_3&#8243; _builder_version=&#8221;4.25.2&#8243; border_color_bottom=&#8221;#b7b7b7&#8243; global_colors_info=&#8221;{}&#8221;][et_pb_column type=&#8221;1_3&#8243; _builder_version=&#8221;4.16&#8243; global_colors_info=&#8221;{}&#8221;][et_pb_image src=&#8221;http:\/\/cehap.pb.gov.br\/sitecehap\/wp-content\/uploads\/2024\/06\/Secretariado-CEHAP-3-300&#215;300.jpg&#8221; alt=&#8221;Em\u00edlia&#8221; title_text=&#8221;Secretariado-CEHAP (3)&#8221; align=&#8221;center&#8221; _builder_version=&#8221;4.25.2&#8243; _module_preset=&#8221;default&#8221; width=&#8221;70%&#8221; border_radii=&#8221;on|16px|16px|16px|16px&#8221; box_shadow_style=&#8221;preset3&#8243; global_colors_info=&#8221;{}&#8221;][\/et_pb_image][et_pb_text _builder_version=&#8221;4.25.2&#8243; _module_preset=&#8221;default&#8221; text_line_height=&#8221;1.5em&#8221; hover_enabled=&#8221;0&#8243; global_colors_info=&#8221;{}&#8221; sticky_enabled=&#8221;0&#8243;]<\/p>\n<h4 style=\"text-align: center;\"><strong>Em\u00edlia Correia Lima<\/strong><\/h4>\n<h4 style=\"text-align: center;\"><em>Diretora Presidente<\/em><\/h4>\n<p>[\/et_pb_text][\/et_pb_column][et_pb_column type=&#8221;1_3&#8243; _builder_version=&#8221;4.16&#8243; global_colors_info=&#8221;{}&#8221;][et_pb_image src=&#8221;http:\/\/cehap.pb.gov.br\/sitecehap\/wp-content\/uploads\/2024\/06\/Secretariado-CEHAP-1-300&#215;300.jpg&#8221; alt=&#8221;Em\u00edlia&#8221; title_text=&#8221;Secretariado-CEHAP (1)&#8221; align=&#8221;center&#8221; _builder_version=&#8221;4.25.2&#8243; _module_preset=&#8221;default&#8221; width=&#8221;70%&#8221; border_radii=&#8221;on|16px|16px|16px|16px&#8221; box_shadow_style=&#8221;preset3&#8243; global_colors_info=&#8221;{}&#8221;][\/et_pb_image][et_pb_text _builder_version=&#8221;4.25.2&#8243; _module_preset=&#8221;default&#8221; text_line_height=&#8221;1.5em&#8221; hover_enabled=&#8221;0&#8243; global_colors_info=&#8221;{}&#8221; sticky_enabled=&#8221;0&#8243;]<\/p>\n<h4 style=\"text-align: center;\"><strong>Lu\u00eds Rog\u00e9rio Pinho Trocoli<\/strong><\/h4>\n<h4 style=\"text-align: center;\"><em>Diretor Administrativo e Financeiro<\/em><\/h4>\n<p>[\/et_pb_text][\/et_pb_column][et_pb_column type=&#8221;1_3&#8243; _builder_version=&#8221;4.16&#8243; global_colors_info=&#8221;{}&#8221;][et_pb_image src=&#8221;http:\/\/cehap.pb.gov.br\/sitecehap\/wp-content\/uploads\/2024\/06\/Secretariado-CEHAP-2.jpg&#8221; alt=&#8221;Em\u00edlia&#8221; title_text=&#8221;Secretariado-CEHAP (2)&#8221; align=&#8221;center&#8221; _builder_version=&#8221;4.25.2&#8243; _module_preset=&#8221;default&#8221; border_radii=&#8221;on|16px|16px|16px|16px&#8221; box_shadow_style=&#8221;preset3&#8243; global_colors_info=&#8221;{}&#8221;][\/et_pb_image][et_pb_text _builder_version=&#8221;4.25.2&#8243; _module_preset=&#8221;default&#8221; text_line_height=&#8221;1.5em&#8221; hover_enabled=&#8221;0&#8243; global_colors_info=&#8221;{}&#8221; sticky_enabled=&#8221;0&#8243;]<\/p>\n<h4 style=\"text-align: center;\"><strong>Cl\u00e1udio Batista dos Santos<\/strong><\/h4>\n<h4 style=\"text-align: center;\"><em>Diretor T\u00e9cnico<\/em><\/h4>\n<p>[\/et_pb_text][\/et_pb_column][\/et_pb_row][\/et_pb_section]<\/p>\n","protected":false},"excerpt":{"rendered":"<p>SECRETARIADOEm\u00edlia Correia Lima Diretora PresidenteLu\u00eds Rog\u00e9rio Pinho Trocoli Diretor Administrativo e FinanceiroCl\u00e1udio Batista dos Santos Diretor T\u00e9cnico<\/p>\n","protected":false},"author":1,"featured_media":0,"parent":0,"menu_order":0,"comment_status":"closed","ping_status":"closed","template":"","meta":{"_et_pb_use_builder":"on","_et_pb_old_content":"","_et_gb_content_width":"","footnotes":""},"class_list":["post-1565","page","type-page","status-publish","hentry"],"_links":{"self":[{"href":"http:\/\/cehap.pb.gov.br\/sitecehap\/wp-json\/wp\/v2\/pages\/1565","targetHints":{"allow":["GET"]}}],"collection":[{"href":"http:\/\/cehap.pb.gov.br\/sitecehap\/wp-json\/wp\/v2\/pages"}],"about":[{"href":"http:\/\/cehap.pb.gov.br\/sitecehap\/wp-json\/wp\/v2\/types\/page"}],"author":[{"embeddable":true,"href":"http:\/\/cehap.pb.gov.br\/sitecehap\/wp-json\/wp\/v2\/users\/1"}],"replies":[{"embeddable":true,"href":"http:\/\/cehap.pb.gov.br\/sitecehap\/wp-json\/wp\/v2\/comments?post=1565"}],"version-history":[{"count":5,"href":"http:\/\/cehap.pb.gov.br\/sitecehap\/wp-json\/wp\/v2\/pages\/1565\/revisions"}],"predecessor-version":[{"id":1588,"href":"http:\/\/cehap.pb.gov.br\/sitecehap\/wp-json\/wp\/v2\/pages\/1565\/revisions\/1588"}],"wp:attachment":[{"href":"http:\/\/cehap.pb.gov.br\/sitecehap\/wp-json\/wp\/v2\/media?parent=1565"}],"curies":[{"name":"wp","href":"https:\/\/api.w.org\/{rel}","templated":true}]}}