{"id":2073,"date":"2025-10-07T14:29:33","date_gmt":"2025-10-07T17:29:33","guid":{"rendered":"http:\/\/cehap.pb.gov.br\/sitecehap\/?page_id=2073"},"modified":"2025-10-07T14:30:11","modified_gmt":"2025-10-07T17:30:11","slug":"conformidade-com-a-lgpd","status":"publish","type":"page","link":"http:\/\/cehap.pb.gov.br\/sitecehap\/conformidade-com-a-lgpd\/","title":{"rendered":"Conformidade com a LGPD"},"content":{"rendered":"<p>[et_pb_section fb_built=&#8221;1&#8243; theme_builder_area=&#8221;post_content&#8221; _builder_version=&#8221;4.27.4&#8243; _module_preset=&#8221;default&#8221;][et_pb_row _builder_version=&#8221;4.27.4&#8243; _module_preset=&#8221;default&#8221; theme_builder_area=&#8221;post_content&#8221;][et_pb_column _builder_version=&#8221;4.27.4&#8243; _module_preset=&#8221;default&#8221; type=&#8221;4_4&#8243; theme_builder_area=&#8221;post_content&#8221;][et_pb_text _builder_version=&#8221;4.27.4&#8243; _module_preset=&#8221;default&#8221; theme_builder_area=&#8221;post_content&#8221; text_font=&#8221;Lato|900|||||||&#8221; text_text_color=&#8221;#000000&#8243; text_font_size=&#8221;20px&#8221; hover_enabled=&#8221;0&#8243; sticky_enabled=&#8221;0&#8243;]<\/p>\n<h2 style=\"text-align: center;\">Pol\u00edtica de Privacidade e Prote\u00e7\u00e3o de Dados Pessoais &#8211; CEHAP<\/h2>\n<p>[\/et_pb_text][\/et_pb_column][\/et_pb_row][et_pb_row _builder_version=&#8221;4.27.4&#8243; _module_preset=&#8221;default&#8221; theme_builder_area=&#8221;post_content&#8221;][et_pb_column _builder_version=&#8221;4.27.4&#8243; _module_preset=&#8221;default&#8221; type=&#8221;4_4&#8243; theme_builder_area=&#8221;post_content&#8221;][et_pb_text _builder_version=&#8221;4.27.4&#8243; _module_preset=&#8221;default&#8221; theme_builder_area=&#8221;post_content&#8221; hover_enabled=&#8221;0&#8243; sticky_enabled=&#8221;0&#8243;]<\/p>\n<p class=\"my-2 [&amp;+p]:mt-4 [&amp;_strong:has(+br)]:inline-block [&amp;_strong:has(+br)]:pb-2\" style=\"text-align: justify;\">A Companhia Estadual de Habita\u00e7\u00e3o Popular da Para\u00edba (CEHAP) est\u00e1 comprometida com a prote\u00e7\u00e3o da privacidade e dos dados pessoais dos inscritos em seus programas habitacionais, em conformidade com a Lei Geral de Prote\u00e7\u00e3o de Dados Pessoais (Lei n\u00ba 13.709\/2018 &#8211; LGPD).<\/p>\n<h2 class=\"mb-2 mt-4 font-display font-semimedium text-base first:mt-0\">1. Dados coletados<\/h2>\n<p class=\"my-2 [&amp;+p]:mt-4 [&amp;_strong:has(+br)]:inline-block [&amp;_strong:has(+br)]:pb-2\">Coletamos informa\u00e7\u00f5es pessoais como nome, e-mail, NIS, CPF, RG, endere\u00e7o, renda, al\u00e9m dos dados dos respectivos c\u00f4njuges dos inscritos. Esses dados s\u00e3o essenciais para o cadastro e participa\u00e7\u00e3o no sistema Minha Casa Minha Vida (MCMV) e para possibilitar a oferta de moradias nas diversas faixas de renda.<\/p>\n<h2 class=\"mb-2 mt-4 font-display font-semimedium text-base first:mt-0\">2. Finalidade do tratamento<\/h2>\n<p class=\"my-2 [&amp;+p]:mt-4 [&amp;_strong:has(+br)]:inline-block [&amp;_strong:has(+br)]:pb-2\">Os dados pessoais s\u00e3o utilizados exclusivamente para o cadastro dos inscritos no sistema MCMV, garantindo a an\u00e1lise das informa\u00e7\u00f5es e a oferta de habita\u00e7\u00e3o conforme as pol\u00edticas p\u00fablicas de moradia da Para\u00edba.<\/p>\n<h2 class=\"mb-2 mt-4 font-display font-semimedium text-base first:mt-0\">3. Base legal para o tratamento<\/h2>\n<p class=\"my-2 [&amp;+p]:mt-4 [&amp;_strong:has(+br)]:inline-block [&amp;_strong:has(+br)]:pb-2\">O tratamento dos dados ocorre com base no consentimento fornecido pelo titular ao se inscrever no programa habitacional, al\u00e9m de atender a obriga\u00e7\u00f5es legais e regulat\u00f3rias relacionadas \u00e0 execu\u00e7\u00e3o das pol\u00edticas p\u00fablicas de habita\u00e7\u00e3o.<\/p>\n<h2 class=\"mb-2 mt-4 font-display font-semimedium text-base first:mt-0\">4. Prazo de reten\u00e7\u00e3o<\/h2>\n<p class=\"my-2 [&amp;+p]:mt-4 [&amp;_strong:has(+br)]:inline-block [&amp;_strong:has(+br)]:pb-2\">Os dados permanecer\u00e3o armazenados enquanto o inscrito estiver ativo no sistema, at\u00e9 o recebimento da moradia ou at\u00e9 que seja solicitada a exclus\u00e3o dos dados pelo pr\u00f3prio titular.<\/p>\n<h2 class=\"mb-2 mt-4 font-display font-semimedium text-base first:mt-0\">5. Direitos dos titulares<\/h2>\n<p class=\"my-2 [&amp;+p]:mt-4 [&amp;_strong:has(+br)]:inline-block [&amp;_strong:has(+br)]:pb-2\">Os inscritos t\u00eam o direito de acessar, corrigir, atualizar e solicitar a exclus\u00e3o de seus dados pessoais a qualquer momento. Essas a\u00e7\u00f5es podem ser realizadas diretamente no sistema dispon\u00edvel pelo link<span>\u00a0<\/span><a rel=\"nofollow noopener\" class=\"reset interactable cursor-pointer text-super hover:underline font-semibold\" target=\"_blank\" href=\"http:\/\/cehap.pb.gov.br\/siscehap\/\">http:\/\/cehap.pb.gov.br\/siscehap\/<\/a>, mediante apresenta\u00e7\u00e3o do c\u00f3digo de inscri\u00e7\u00e3o e data de nascimento para garantir a seguran\u00e7a do acesso.<\/p>\n<h2 class=\"mb-2 mt-4 font-display font-semimedium text-base first:mt-0\">6. Seguran\u00e7a dos dados<\/h2>\n<p class=\"my-2 [&amp;+p]:mt-4 [&amp;_strong:has(+br)]:inline-block [&amp;_strong:has(+br)]:pb-2\">Os dados s\u00e3o armazenados em servidores pr\u00f3prios da CEHAP, com acesso restrito. Apenas o titular, mediante autentica\u00e7\u00e3o, pode consultar e administrar suas informa\u00e7\u00f5es pessoais.<\/p>\n<h2 class=\"mb-2 mt-4 font-display font-semimedium text-base first:mt-0\">7. Compartilhamento de dados<\/h2>\n<p class=\"my-2 [&amp;+p]:mt-4 [&amp;_strong:has(+br)]:inline-block [&amp;_strong:has(+br)]:pb-2\">Os dados podem ser compartilhados com construtoras e demais agentes envolvidos na oferta de habita\u00e7\u00e3o no estado da Para\u00edba, sempre respeitando os princ\u00edpios da LGPD e com a finalidade exclusiva prevista nesta pol\u00edtica.<\/p>\n<h2 class=\"mb-2 mt-4 font-display font-semimedium text-base first:mt-0\">8. Encarregado de prote\u00e7\u00e3o de dados (DPO)<\/h2>\n<p class=\"my-2 [&amp;+p]:mt-4 [&amp;_strong:has(+br)]:inline-block [&amp;_strong:has(+br)]:pb-2\">O respons\u00e1vel pela prote\u00e7\u00e3o de dados (DPO) da CEHAP \u00e9 Raimundo da Silva Leite. D\u00favidas, reclama\u00e7\u00f5es ou solicita\u00e7\u00f5es podem ser encaminhadas pelo e-mail:<span>\u00a0<\/span><a rel=\"nofollow noopener\" class=\"reset interactable cursor-pointer text-super hover:underline font-semibold\" target=\"_blank\" href=\"mailto:encarregado.lgpd@cehap.pb.gov.br\">encarregado.lgpd@cehap.pb.gov.br<\/a>.<\/p>\n<h2 class=\"mb-2 mt-4 font-display font-semimedium text-base first:mt-0\">9. Compromisso CEHAP<\/h2>\n<p class=\"my-2 [&amp;+p]:mt-4 [&amp;_strong:has(+br)]:inline-block [&amp;_strong:has(+br)]:pb-2\">A CEHAP reafirma seu compromisso com a privacidade e a prote\u00e7\u00e3o dos dados pessoais dos cidad\u00e3os, empenhando-se na conformidade cont\u00ednua com a LGPD e na ado\u00e7\u00e3o das melhores pr\u00e1ticas para garantir transpar\u00eancia e seguran\u00e7a no tratamento das informa\u00e7\u00f5es.<\/p>\n<p>[\/et_pb_text][\/et_pb_column][\/et_pb_row][\/et_pb_section]<\/p>\n","protected":false},"excerpt":{"rendered":"<p>Pol\u00edtica de Privacidade e Prote\u00e7\u00e3o de Dados Pessoais &#8211; CEHAPA Companhia Estadual de Habita\u00e7\u00e3o Popular da Para\u00edba (CEHAP) est\u00e1 comprometida com a prote\u00e7\u00e3o da privacidade e dos dados pessoais dos inscritos em seus programas habitacionais, em conformidade com a Lei Geral de Prote\u00e7\u00e3o de Dados Pessoais (Lei n\u00ba 13.709\/2018 &#8211; LGPD). 1. Dados coletados Coletamos [&hellip;]<\/p>\n","protected":false},"author":1,"featured_media":0,"parent":0,"menu_order":0,"comment_status":"closed","ping_status":"closed","template":"","meta":{"_et_pb_use_builder":"on","_et_pb_old_content":"","_et_gb_content_width":"","footnotes":""},"class_list":["post-2073","page","type-page","status-publish","hentry"],"_links":{"self":[{"href":"http:\/\/cehap.pb.gov.br\/sitecehap\/wp-json\/wp\/v2\/pages\/2073","targetHints":{"allow":["GET"]}}],"collection":[{"href":"http:\/\/cehap.pb.gov.br\/sitecehap\/wp-json\/wp\/v2\/pages"}],"about":[{"href":"http:\/\/cehap.pb.gov.br\/sitecehap\/wp-json\/wp\/v2\/types\/page"}],"author":[{"embeddable":true,"href":"http:\/\/cehap.pb.gov.br\/sitecehap\/wp-json\/wp\/v2\/users\/1"}],"replies":[{"embeddable":true,"href":"http:\/\/cehap.pb.gov.br\/sitecehap\/wp-json\/wp\/v2\/comments?post=2073"}],"version-history":[{"count":2,"href":"http:\/\/cehap.pb.gov.br\/sitecehap\/wp-json\/wp\/v2\/pages\/2073\/revisions"}],"predecessor-version":[{"id":2076,"href":"http:\/\/cehap.pb.gov.br\/sitecehap\/wp-json\/wp\/v2\/pages\/2073\/revisions\/2076"}],"wp:attachment":[{"href":"http:\/\/cehap.pb.gov.br\/sitecehap\/wp-json\/wp\/v2\/media?parent=2073"}],"curies":[{"name":"wp","href":"https:\/\/api.w.org\/{rel}","templated":true}]}}