{"id":296,"date":"2020-05-15T15:22:36","date_gmt":"2020-05-15T18:22:36","guid":{"rendered":"http:\/\/localhost\/sitecehap\/?page_id=296"},"modified":"2024-08-02T11:42:08","modified_gmt":"2024-08-02T14:42:08","slug":"sobre","status":"publish","type":"page","link":"http:\/\/cehap.pb.gov.br\/sitecehap\/sobre\/","title":{"rendered":"Sobre"},"content":{"rendered":"[et_pb_section fb_built=&#8221;1&#8243; admin_label=&#8221;section&#8221; _builder_version=&#8221;4.16&#8243; global_colors_info=&#8221;{}&#8221; theme_builder_area=&#8221;post_content&#8221;][et_pb_row admin_label=&#8221;row&#8221; _builder_version=&#8221;4.16&#8243; background_size=&#8221;initial&#8221; background_position=&#8221;top_left&#8221; background_repeat=&#8221;repeat&#8221; global_colors_info=&#8221;{}&#8221; theme_builder_area=&#8221;post_content&#8221;][et_pb_column type=&#8221;4_4&#8243; _builder_version=&#8221;4.16&#8243; custom_padding=&#8221;|||&#8221; global_colors_info=&#8221;{}&#8221; custom_padding__hover=&#8221;|||&#8221; theme_builder_area=&#8221;post_content&#8221;][et_pb_text admin_label=&#8221;Text&#8221; _builder_version=&#8221;4.16&#8243; background_size=&#8221;initial&#8221; background_position=&#8221;top_left&#8221; background_repeat=&#8221;repeat&#8221; global_colors_info=&#8221;{}&#8221; theme_builder_area=&#8221;post_content&#8221;]\n<p>A CEHAP \u00e9 uma sociedade de economia mista, constitu\u00edda na forma da Lei Estadual N\u00ba 3.328, de 04 de junho de 1965, e regulamentada pelo Decreto N\u00ba 4.028\/65 e alterada pela Lei Estadual N\u00ba 4.458\/83, dotada de personalidade jur\u00eddica de direito privado, regida pela Lei das Sociedades por A\u00e7\u00f5es \u2013 Lei N\u00ba 6.404\/76, por seu Estatuto Social e por seu Regimento Interno. Conv\u00e9m ressaltar que, no exerc\u00edcio de 2005, a CEHAP passou a ser vinculada \u00e0 Secretaria de Estado do Desenvolvimento Humano &#8211; SEDH, conforme preceitua o inciso II, do artigo 17, da Lei Complementar n\u00b0 67\/2005, com reda\u00e7\u00e3o dada pela LC n\u00ba 69, de 11 de novembro de 2005.<\/p>\n[\/et_pb_text][\/et_pb_column][\/et_pb_row][et_pb_row _builder_version=&#8221;4.25.2&#8243; _module_preset=&#8221;default&#8221; global_colors_info=&#8221;{}&#8221; theme_builder_area=&#8221;post_content&#8221;][et_pb_column type=&#8221;4_4&#8243; _builder_version=&#8221;4.25.2&#8243; _module_preset=&#8221;default&#8221; global_colors_info=&#8221;{}&#8221; theme_builder_area=&#8221;post_content&#8221;][et_pb_button button_url=&#8221;http:\/\/cehap.pb.gov.br\/sitecehap\/wp-content\/uploads\/2024\/08\/ORGANOGRAMA-MACRO.pdf&#8221; url_new_window=&#8221;on&#8221; button_text=&#8221;ORGANOGRAMA&#8221; button_alignment=&#8221;left&#8221; _builder_version=&#8221;4.25.2&#8243; _module_preset=&#8221;default&#8221; hover_enabled=&#8221;0&#8243; box_shadow_style=&#8221;preset3&#8243; global_colors_info=&#8221;{}&#8221; theme_builder_area=&#8221;post_content&#8221; sticky_enabled=&#8221;0&#8243;][\/et_pb_button][\/et_pb_column][\/et_pb_row][\/et_pb_section]","protected":false},"excerpt":{"rendered":"<p>A CEHAP \u00e9 uma sociedade de economia mista, constitu\u00edda na forma da Lei Estadual N\u00ba 3.328, de 04 de junho de 1965, e regulamentada pelo Decreto N\u00ba 4.028\/65 e alterada pela Lei Estadual N\u00ba 4.458\/83, dotada de personalidade jur\u00eddica de direito privado, regida pela Lei das Sociedades por A\u00e7\u00f5es \u2013 Lei N\u00ba 6.404\/76, por seu [&hellip;]<\/p>\n","protected":false},"author":1,"featured_media":40,"parent":0,"menu_order":0,"comment_status":"closed","ping_status":"closed","template":"","meta":{"_et_pb_use_builder":"on","_et_pb_old_content":"<!-- wp:paragraph -->\n<p>A CEHAP \u00e9 uma sociedade de economia mista, constitu\u00edda na forma da Lei Estadual N\u00ba 3.328, de 04 de junho de 1965, e regulamentada pelo Decreto N\u00ba 4.028\/65 e alterada pela Lei Estadual N\u00ba 4.458\/83, dotada de personalidade jur\u00eddica de direito privado, regida pela Lei das Sociedades por A\u00e7\u00f5es \u2013 Lei N\u00ba 6.404\/76, por seu Estatuto Social e por seu Regimento Interno. Conv\u00e9m ressaltar que, no exerc\u00edcio de 2005, a CEHAP passou a ser vinculada \u00e0 Secretaria de Estado do Desenvolvimento Humano - SEDH, conforme preceitua o inciso II, do artigo 17, da Lei Complementar n\u00b0 67\/2005, com reda\u00e7\u00e3o dada pela LC n\u00ba 69, de 11 de novembro de 2005.<\/p>\n<!-- \/wp:paragraph -->","_et_gb_content_width":"","footnotes":""},"class_list":["post-296","page","type-page","status-publish","has-post-thumbnail","hentry"],"_links":{"self":[{"href":"http:\/\/cehap.pb.gov.br\/sitecehap\/wp-json\/wp\/v2\/pages\/296","targetHints":{"allow":["GET"]}}],"collection":[{"href":"http:\/\/cehap.pb.gov.br\/sitecehap\/wp-json\/wp\/v2\/pages"}],"about":[{"href":"http:\/\/cehap.pb.gov.br\/sitecehap\/wp-json\/wp\/v2\/types\/page"}],"author":[{"embeddable":true,"href":"http:\/\/cehap.pb.gov.br\/sitecehap\/wp-json\/wp\/v2\/users\/1"}],"replies":[{"embeddable":true,"href":"http:\/\/cehap.pb.gov.br\/sitecehap\/wp-json\/wp\/v2\/comments?post=296"}],"version-history":[{"count":5,"href":"http:\/\/cehap.pb.gov.br\/sitecehap\/wp-json\/wp\/v2\/pages\/296\/revisions"}],"predecessor-version":[{"id":1629,"href":"http:\/\/cehap.pb.gov.br\/sitecehap\/wp-json\/wp\/v2\/pages\/296\/revisions\/1629"}],"wp:featuredmedia":[{"embeddable":true,"href":"http:\/\/cehap.pb.gov.br\/sitecehap\/wp-json\/wp\/v2\/media\/40"}],"wp:attachment":[{"href":"http:\/\/cehap.pb.gov.br\/sitecehap\/wp-json\/wp\/v2\/media?parent=296"}],"curies":[{"name":"wp","href":"https:\/\/api.w.org\/{rel}","templated":true}]}}