{"id":301,"date":"2020-05-15T15:25:54","date_gmt":"2020-05-15T18:25:54","guid":{"rendered":"http:\/\/localhost\/sitecehap\/?page_id=301"},"modified":"2024-06-18T12:54:03","modified_gmt":"2024-06-18T15:54:03","slug":"objetivos","status":"publish","type":"page","link":"http:\/\/cehap.pb.gov.br\/sitecehap\/objetivos\/","title":{"rendered":"Objetivos"},"content":{"rendered":"<p>[et_pb_section fb_built=&#8221;1&#8243; admin_label=&#8221;section&#8221; _builder_version=&#8221;4.16&#8243; global_colors_info=&#8221;{}&#8221; theme_builder_area=&#8221;post_content&#8221;][et_pb_row admin_label=&#8221;row&#8221; _builder_version=&#8221;4.16&#8243; background_size=&#8221;initial&#8221; background_position=&#8221;top_left&#8221; background_repeat=&#8221;repeat&#8221; global_colors_info=&#8221;{}&#8221; theme_builder_area=&#8221;post_content&#8221;][et_pb_column type=&#8221;4_4&#8243; _builder_version=&#8221;4.16&#8243; custom_padding=&#8221;|||&#8221; global_colors_info=&#8221;{}&#8221; custom_padding__hover=&#8221;|||&#8221; theme_builder_area=&#8221;post_content&#8221;][et_pb_text admin_label=&#8221;Text&#8221; _builder_version=&#8221;4.25.2&#8243; background_size=&#8221;initial&#8221; background_position=&#8221;top_left&#8221; background_repeat=&#8221;repeat&#8221; hover_enabled=&#8221;0&#8243; global_colors_info=&#8221;{}&#8221; theme_builder_area=&#8221;post_content&#8221; sticky_enabled=&#8221;0&#8243;]<\/p>\n<p>CEHAP tem por objetivo, desenvolver a pol\u00edtica estadual de habita\u00e7\u00e3o, mediante elabora\u00e7\u00e3o, execu\u00e7\u00e3o e coordena\u00e7\u00e3o de estudos, programas e projetos espec\u00edficos (art. 3\u00ba do Estatuto Social da CEHAP).<\/p>\n<p><strong>S\u00e3o seus objetivos sociais:<\/strong><\/p>\n<p>I \u2013 O planejamento setorial, a<br \/>produ\u00e7\u00e3o e a comercializa\u00e7\u00e3o de unidades habitacionais, de equipamentos comunit\u00e1rios<br \/>e de centros comerciais, situados em conjuntos habitacionais de interesse<br \/>social, obedecendo aos crit\u00e9rios e normas estabelecidos pelo Governo do Estado<br \/>e pela Legisla\u00e7\u00e3o Federal;<\/p>\n<p>II \u2013 A aquisi\u00e7\u00e3o e urbaniza\u00e7\u00e3o de<br \/>terrenos a serem utilizados em programas habitacionais;<\/p>\n<p>III \u2013 O exerc\u00edcio da constru\u00e7\u00e3o<br \/>civil, diretamente ou atrav\u00e9s de terceiros;<\/p>\n<p>IV \u2013 O apoio a programas e<br \/>projetos de desenvolvimento comunit\u00e1rio, necess\u00e1rio \u00e0 implanta\u00e7\u00e3o e manuten\u00e7\u00e3o<br \/>dos seus programas habitacionais;<\/p>\n<p>V \u2013 O apoio a programas de<br \/>habita\u00e7\u00e3o popular, executada pela iniciativa p\u00fablica ou privada;<\/p>\n<p>VI \u2013 Urbaniza\u00e7\u00e3o de favelas e<br \/>bairros pobres, inclusive com a constru\u00e7\u00e3o de equipamentos comunit\u00e1rio<\/p>\n<p>VII \u2013 Execu\u00e7\u00e3o de programas de<br \/>desenvolvimento rural integrado, com a constru\u00e7\u00e3o de habita\u00e7\u00f5es, equipamentos<br \/>comunit\u00e1rios e obras de infraestrutura;<\/p>\n<p>VIII \u2013 Execu\u00e7\u00e3o de projetos de<br \/>constru\u00e7\u00e3o civil pelos sistemas de autofinanciamento e de cons\u00f3rcios<br \/>imobili\u00e1rios.<\/p>\n<p>&nbsp;<\/p>\n<p>MISS\u00c3O, VIS\u00c3O E VALORES \u2013 O site tem uma aba \u201cInstitucional\u201d com o nome \u201cObjetivos\u201d e nessa \u00e1rea est\u00e3o as informa\u00e7\u00f5es referentes ao que \u00e9 pedido.<\/p>\n<ul>\n<li>\u00a0<em>MISS\u00c3O: A CEHAP TEM A MISS\u00c3O DE DESENVOLVER E REALIZAR A POL\u00cdTICA DE HABITA\u00c7\u00c3O DO ESTADO DA PARA\u00cdBA, MEDIANTE ELABORA\u00c7\u00c3O, EXECU\u00c7\u00c3O E COORDENA\u00c7\u00c3O DE ESTUDOS, PROGRAMAS E PROJETOS ESPEC\u00cdFICOS.<\/em><\/li>\n<li><em>VIS\u00c3O: SER DESTAQUE E REFER\u00caNCIA NO \u00c2MBITO DA HABITA\u00c7\u00c3O NO PA\u00cdS, OFERECENDO ESTRAT\u00c9GIAS DE INOVA\u00c7\u00c3O E A CONDI\u00c7\u00c3O DE APOIAR TODOS OS PROJETOS DE DESENVOLVIMENTO COMUNIT\u00c1RIO.<\/em><\/li>\n<li><em>VALORES \u2013 DESEMPENHAR O TRABALHO SEMPRE OBEDECENDO AOS CRIT\u00c9RIOS E NORMAS ESTABELECIDOS PELO GOVERNO DO ESTADO E PELA LEGISLA\u00c7\u00c3O FEDERAL. <\/em><\/li>\n<\/ul>\n<p>[\/et_pb_text][\/et_pb_column][\/et_pb_row][\/et_pb_section]<\/p>\n","protected":false},"excerpt":{"rendered":"<p>CEHAP tem por objetivo, desenvolver a pol\u00edtica estadual de habita\u00e7\u00e3o, mediante elabora\u00e7\u00e3o, execu\u00e7\u00e3o e coordena\u00e7\u00e3o de estudos, programas e projetos espec\u00edficos (art. 3\u00ba do Estatuto Social da CEHAP). S\u00e3o seus objetivos sociais: I \u2013 O planejamento setorial, aprodu\u00e7\u00e3o e a comercializa\u00e7\u00e3o de unidades habitacionais, de equipamentos comunit\u00e1riose de centros comerciais, situados em conjuntos habitacionais de [&hellip;]<\/p>\n","protected":false},"author":1,"featured_media":40,"parent":0,"menu_order":0,"comment_status":"closed","ping_status":"closed","template":"","meta":{"_et_pb_use_builder":"on","_et_pb_old_content":"<!-- wp:paragraph -->\n<p>A CEHAP tem por objetivo\ndesenvolver a pol\u00edtica estadual de habita\u00e7\u00e3o, mediante elabora\u00e7\u00e3o, execu\u00e7\u00e3o e\ncoordena\u00e7\u00e3o de estudos, programas e projetos espec\u00edficos (art. 3\u00ba do Estatuto\nSocial da CEHAP).<\/p>\n<!-- \/wp:paragraph -->\n\n<!-- wp:paragraph -->\n<p>S\u00e3o seus objetivos sociais:<\/p>\n<!-- \/wp:paragraph -->\n\n<!-- wp:paragraph -->\n<p>I \u2013 O planejamento setorial, a\nprodu\u00e7\u00e3o e a comercializa\u00e7\u00e3o de unidades habitacionais, de equipamentos comunit\u00e1rios\ne de centros comerciais, situados em conjuntos habitacionais de interesse\nsocial, obedecendo aos crit\u00e9rios e normas estabelecidos pelo Governo do Estado\ne pela Legisla\u00e7\u00e3o Federal;<\/p>\n<!-- \/wp:paragraph -->\n\n<!-- wp:paragraph -->\n<p>II \u2013 A aquisi\u00e7\u00e3o e urbaniza\u00e7\u00e3o de\nterrenos a serem utilizados em programas habitacionais;<\/p>\n<!-- \/wp:paragraph -->\n\n<!-- wp:paragraph -->\n<p>III \u2013 O exerc\u00edcio da constru\u00e7\u00e3o\ncivil, diretamente ou atrav\u00e9s de terceiros;<\/p>\n<!-- \/wp:paragraph -->\n\n<!-- wp:paragraph -->\n<p>IV \u2013 O apoio a programas e\nprojetos de desenvolvimento comunit\u00e1rio, necess\u00e1rio \u00e0 implanta\u00e7\u00e3o e manuten\u00e7\u00e3o\ndos seus programas habitacionais;<\/p>\n<!-- \/wp:paragraph -->\n\n<!-- wp:paragraph -->\n<p>V \u2013 O apoio a programas de\nhabita\u00e7\u00e3o popular, executada pela iniciativa p\u00fablica ou privada;<\/p>\n<!-- \/wp:paragraph -->\n\n<!-- wp:paragraph -->\n<p>VI \u2013 Urbaniza\u00e7\u00e3o de favelas e\nbairros pobres, inclusive com a constru\u00e7\u00e3o de equipamentos comunit\u00e1rio<\/p>\n<!-- \/wp:paragraph -->\n\n<!-- wp:paragraph -->\n<p>VII \u2013 Execu\u00e7\u00e3o de programas de\ndesenvolvimento rural integrado, com a constru\u00e7\u00e3o de habita\u00e7\u00f5es, equipamentos\ncomunit\u00e1rios e obras de infraestrutura;<\/p>\n<!-- \/wp:paragraph -->\n\n<!-- wp:paragraph -->\n<p>VIII \u2013 Execu\u00e7\u00e3o de projetos de\nconstru\u00e7\u00e3o civil pelos sistemas de autofinanciamento e de cons\u00f3rcios\nimobili\u00e1rios.<\/p>\n<!-- \/wp:paragraph -->","_et_gb_content_width":"","footnotes":""},"class_list":["post-301","page","type-page","status-publish","has-post-thumbnail","hentry"],"_links":{"self":[{"href":"http:\/\/cehap.pb.gov.br\/sitecehap\/wp-json\/wp\/v2\/pages\/301","targetHints":{"allow":["GET"]}}],"collection":[{"href":"http:\/\/cehap.pb.gov.br\/sitecehap\/wp-json\/wp\/v2\/pages"}],"about":[{"href":"http:\/\/cehap.pb.gov.br\/sitecehap\/wp-json\/wp\/v2\/types\/page"}],"author":[{"embeddable":true,"href":"http:\/\/cehap.pb.gov.br\/sitecehap\/wp-json\/wp\/v2\/users\/1"}],"replies":[{"embeddable":true,"href":"http:\/\/cehap.pb.gov.br\/sitecehap\/wp-json\/wp\/v2\/comments?post=301"}],"version-history":[{"count":4,"href":"http:\/\/cehap.pb.gov.br\/sitecehap\/wp-json\/wp\/v2\/pages\/301\/revisions"}],"predecessor-version":[{"id":1580,"href":"http:\/\/cehap.pb.gov.br\/sitecehap\/wp-json\/wp\/v2\/pages\/301\/revisions\/1580"}],"wp:featuredmedia":[{"embeddable":true,"href":"http:\/\/cehap.pb.gov.br\/sitecehap\/wp-json\/wp\/v2\/media\/40"}],"wp:attachment":[{"href":"http:\/\/cehap.pb.gov.br\/sitecehap\/wp-json\/wp\/v2\/media?parent=301"}],"curies":[{"name":"wp","href":"https:\/\/api.w.org\/{rel}","templated":true}]}}