{"id":7,"date":"2020-02-12T12:22:43","date_gmt":"2020-02-12T14:22:43","guid":{"rendered":"http:\/\/cehap.pb.gov.br\/wordpress\/?page_id=7"},"modified":"2026-02-04T14:39:21","modified_gmt":"2026-02-04T17:39:21","slug":"index","status":"publish","type":"page","link":"http:\/\/cehap.pb.gov.br\/sitecehap\/","title":{"rendered":"Index"},"content":{"rendered":"<p>[et_pb_section fb_built=&#8221;1&#8243; _builder_version=&#8221;4.16&#8243; use_background_color_gradient=&#8221;on&#8221; background_color_gradient_stops=&#8221;#ffffff 0%|#e0e0e0 100%&#8221; background_color_gradient_start=&#8221;#ffffff&#8221; background_color_gradient_end=&#8221;#e0e0e0&#8243; custom_padding=&#8221;0px||15px|||&#8221; global_colors_info=&#8221;{}&#8221;][et_pb_row column_structure=&#8221;3_4,1_4&#8243; use_custom_gutter=&#8221;on&#8221; _builder_version=&#8221;4.16&#8243; width=&#8221;94%&#8221; max_width=&#8221;2560px&#8221; min_height=&#8221;434.8px&#8221; custom_padding=&#8221;||1px|||&#8221; global_colors_info=&#8221;{}&#8221;][et_pb_column type=&#8221;3_4&#8243; _builder_version=&#8221;4.16&#8243; global_colors_info=&#8221;{}&#8221;][et_pb_post_slider posts_number=&#8221;5&#8243; include_categories=&#8221;1&#8243; use_manual_excerpt=&#8221;off&#8221; excerpt_length=&#8221;0&#8243; show_meta=&#8221;off&#8221; use_bg_overlay=&#8221;off&#8221; arrows_custom_color=&#8221;#e02b20&#8243; _builder_version=&#8221;4.25.2&#8243; header_font=&#8221;Lato|700|||||||&#8221; header_font_size=&#8221;24px&#8221; body_text_color=&#8221;rgba(0,0,0,0)&#8221; body_font_size=&#8221;1px&#8221; body_line_height=&#8221;1em&#8221; background_color=&#8221;#3f3f3f&#8221; background_position=&#8221;top_center&#8221; custom_button=&#8221;on&#8221; button_text_size=&#8221;15px&#8221; button_text_color=&#8221;#ffffff&#8221; button_bg_color=&#8221;#e02b20&#8243; button_border_width=&#8221;0px&#8221; button_font=&#8221;Montserrat||||||||&#8221; button_alignment=&#8221;center&#8221; button_custom_margin=&#8221;|||-47px|false|false&#8221; width=&#8221;100%&#8221; content_width=&#8221;100%&#8221; min_height=&#8221;491px&#8221; custom_padding_tablet=&#8221;&#8221; custom_padding_phone=&#8221;&#8221; custom_padding_last_edited=&#8221;on|desktop&#8221; custom_css_slide_meta=&#8221;position:absolute;||bottom:15%;&#8221; custom_css_slide_button=&#8221;position:absolute;||bottom:4%;&#8221; header_text_shadow_style=&#8221;preset1&#8243; box_shadow_style=&#8221;preset1&#8243; global_colors_info=&#8221;{}&#8221;][\/et_pb_post_slider][\/et_pb_column][et_pb_column type=&#8221;1_4&#8243; _builder_version=&#8221;4.16&#8243; global_colors_info=&#8221;{}&#8221;][et_pb_image src=&#8221;http:\/\/localhost\/sitecehap\/wp-content\/uploads\/2022\/07\/LogoGovernoParaiba.png&#8221; title_text=&#8221;LogoGovernoParaiba&#8221; align=&#8221;center&#8221; force_fullwidth=&#8221;on&#8221; show_bottom_space_tablet=&#8221;&#8221; show_bottom_space_phone=&#8221;&#8221; show_bottom_space_last_edited=&#8221;on|phone&#8221; align_tablet=&#8221;&#8221; align_phone=&#8221;center&#8221; align_last_edited=&#8221;on|phone&#8221; _builder_version=&#8221;4.16&#8243; custom_margin=&#8221;||||false|false&#8221; custom_padding=&#8221;||||false|true&#8221; global_colors_info=&#8221;{}&#8221;][\/et_pb_image][et_pb_text _builder_version=&#8221;4.16&#8243; text_font=&#8221;Montserrat|500|||||||&#8221; text_text_color=&#8221;#e02b20&#8243; text_font_size=&#8221;20px&#8221; custom_margin=&#8221;-13px||27px|||&#8221; animation_style=&#8221;fade&#8221; link_option_url=&#8221;http:\/\/187.33.247.44:8090\/&#8221; link_option_url_new_window=&#8221;on&#8221; custom_css_main_element=&#8221;display:none&#8221; global_colors_info=&#8221;{}&#8221;]<\/p>\n<p><i class=\"fas fa-home fa-2x icones-call\"><\/i> Inscri\u00e7\u00f5es<\/p>\n<hr \/>\n<p>[\/et_pb_text][et_pb_text _builder_version=&#8221;4.27.5&#8243; text_font=&#8221;Montserrat|500|||||||&#8221; text_text_color=&#8221;#e02b20&#8243; text_font_size=&#8221;20px&#8221; custom_margin=&#8221;-15px||-17px|||&#8221; animation_style=&#8221;fade&#8221; link_option_url=&#8221;http:\/\/cehap.pb.gov.br\/siscehap\/&#8221; link_option_url_new_window=&#8221;on&#8221; hover_enabled=&#8221;0&#8243; global_colors_info=&#8221;{}&#8221; sticky_enabled=&#8221;0&#8243;]<\/p>\n<p><i class=\"fa-solid fa-pen-to-square fa-2x\" aria-hidden=\"true\"><\/i>INSCRI\u00c7\u00d5ES<\/p>\n<hr \/>\n<p>[\/et_pb_text][et_pb_text _builder_version=&#8221;4.27.5&#8243; _dynamic_attributes=&#8221;link_option_url&#8221; text_font=&#8221;Montserrat|500|||||||&#8221; text_text_color=&#8221;#e02b20&#8243; text_font_size=&#8221;20px&#8221; min_height=&#8221;41.8px&#8221; custom_margin=&#8221;-15px||-24px|||&#8221; animation_style=&#8221;fade&#8221; link_option_url=&#8221;@ET-DC@eyJkeW5hbWljIjp0cnVlLCJjb250ZW50IjoicG9zdF9saW5rX3VybF9wYWdlIiwic2V0dGluZ3MiOnsicG9zdF9pZCI6IjEzNzYifX0=@&#8221; link_option_url_new_window=&#8221;on&#8221; hover_enabled=&#8221;0&#8243; global_colors_info=&#8221;{}&#8221; sticky_enabled=&#8221;0&#8243;]<\/p>\n<p><i class=\"fa-solid fa-gavel fa-2x icones-call\" aria-hidden=\"true\"><\/i> Licita\u00e7\u00f5es<\/p>\n<hr \/>\n<p>[\/et_pb_text][et_pb_text _builder_version=&#8221;4.27.5&#8243; text_font=&#8221;Montserrat|500|||||||&#8221; text_text_color=&#8221;#e02b20&#8243; text_font_size=&#8221;20px&#8221; min_height=&#8221;41.8px&#8221; custom_margin=&#8221;-15px||-24px|||&#8221; animation_style=&#8221;fade&#8221; link_option_url=&#8221;https:\/\/ouvidoriapb.pb.gov.br\/register&#8221; link_option_url_new_window=&#8221;on&#8221; hover_enabled=&#8221;0&#8243; global_colors_info=&#8221;{}&#8221; sticky_enabled=&#8221;0&#8243;]<\/p>\n<p><i class=\"fa-solid fa-ear-listen fa-2x\" aria-hidden=\"true\"><\/i> Ouvidoria<\/p>\n<hr \/>\n<p>[\/et_pb_text][et_pb_image src=&#8221;\/\/i1.wp.com\/cehap.pb.gov.br\/sitecehap\/wp-content\/uploads\/2020\/02\/logo-sic.png&#8221; url=&#8221;http:\/\/sic.pb.gov.br\/&#8221; url_new_window=&#8221;on&#8221; _builder_version=&#8221;4.25.0&#8243; width=&#8221;35%&#8221; animation_style=&#8221;fade&#8221; global_colors_info=&#8221;{}&#8221;][\/et_pb_image][et_pb_social_media_follow use_icon_font_size=&#8221;on&#8221; icon_font_size=&#8221;26px&#8221; _builder_version=&#8221;4.25.0&#8243; text_orientation=&#8221;left&#8221; custom_margin=&#8221;30px||||false|false&#8221; custom_padding=&#8221;||0px|||&#8221; border_radii=&#8221;on|691px|691px|691px|691px&#8221; global_colors_info=&#8221;{}&#8221;][et_pb_social_media_follow_network social_network=&#8221;facebook&#8221; url=&#8221;https:\/\/pt-br.facebook.com\/cehapgovpb\/&#8221; icon_color=&#8221;#999999&#8243; _builder_version=&#8221;4.25.0&#8243; background_enable_color=&#8221;off&#8221; border_width_all=&#8221;1px&#8221; border_color_all=&#8221;#999999&#8243; global_colors_info=&#8221;{}&#8221; follow_button=&#8221;off&#8221; url_new_window=&#8221;on&#8221;]facebook[\/et_pb_social_media_follow_network][et_pb_social_media_follow_network social_network=&#8221;twitter&#8221; url=&#8221;https:\/\/twitter.com\/cehapgovpb&#8221; icon_color=&#8221;#999999&#8243; _builder_version=&#8221;4.25.0&#8243; background_enable_color=&#8221;off&#8221; border_width_all=&#8221;1px&#8221; border_color_all=&#8221;#999999&#8243; global_colors_info=&#8221;{}&#8221; follow_button=&#8221;off&#8221; url_new_window=&#8221;on&#8221;]twitter[\/et_pb_social_media_follow_network][et_pb_social_media_follow_network social_network=&#8221;instagram&#8221; url=&#8221;https:\/\/www.instagram.com\/cehap.pb\/&#8221; icon_color=&#8221;#999999&#8243; _builder_version=&#8221;4.25.0&#8243; background_enable_color=&#8221;off&#8221; border_width_all=&#8221;1px&#8221; border_color_all=&#8221;#999999&#8243; global_colors_info=&#8221;{}&#8221; follow_button=&#8221;off&#8221; url_new_window=&#8221;on&#8221;]instagram[\/et_pb_social_media_follow_network][et_pb_social_media_follow_network social_network=&#8221;youtube&#8221; url=&#8221;https:\/\/www.youtube.com\/channel\/UC-3tMf00Y6elmACYcboaxpg&#8221; icon_color=&#8221;#999999&#8243; _builder_version=&#8221;4.25.0&#8243; background_enable_color=&#8221;off&#8221; border_width_all=&#8221;1px&#8221; border_color_all=&#8221;#999999&#8243; global_colors_info=&#8221;{}&#8221; follow_button=&#8221;off&#8221; url_new_window=&#8221;on&#8221;]youtube[\/et_pb_social_media_follow_network][\/et_pb_social_media_follow][\/et_pb_column][\/et_pb_row][et_pb_row column_structure=&#8221;1_2,1_2&#8243; _builder_version=&#8221;4.16&#8243; min_height=&#8221;112px&#8221; custom_margin=&#8221;|auto|6px|auto|false|false&#8221; custom_padding=&#8221;5px||0px|||&#8221; global_colors_info=&#8221;{}&#8221;][et_pb_column type=&#8221;1_2&#8243; _builder_version=&#8221;4.16&#8243; global_colors_info=&#8221;{}&#8221;][et_pb_image src=&#8221;http:\/\/localhost\/sitecehap\/wp-content\/uploads\/2021\/01\/parceirosHabitacao.png&#8221; title_text=&#8221;parceirosHabitacao&#8221; url=&#8221;http:\/\/cehap.pb.gov.br\/sitecehap\/programa-parceiros-da-habitacao\/&#8221; align=&#8221;center&#8221; _builder_version=&#8221;4.22.2&#8243; width=&#8221;100%&#8221; custom_padding=&#8221;||2px|||&#8221; global_colors_info=&#8221;{}&#8221;][\/et_pb_image][\/et_pb_column][et_pb_column type=&#8221;1_2&#8243; _builder_version=&#8221;4.16&#8243; global_colors_info=&#8221;{}&#8221;][\/et_pb_column][\/et_pb_row][\/et_pb_section][et_pb_section fb_built=&#8221;1&#8243; _builder_version=&#8221;4.25.0&#8243; background_color=&#8221;#e02b20&#8243; background_enable_pattern_style=&#8221;on&#8221; background_pattern_style=&#8221;waves&#8221; background_pattern_color=&#8221;#d61d1d&#8221; custom_padding=&#8221;11px||2px|||&#8221; global_colors_info=&#8221;{}&#8221;][et_pb_row _builder_version=&#8221;4.16&#8243; custom_padding=&#8221;3px||0px|||&#8221; global_colors_info=&#8221;{}&#8221;][et_pb_column type=&#8221;4_4&#8243; _builder_version=&#8221;4.16&#8243; global_colors_info=&#8221;{}&#8221;][et_pb_text _builder_version=&#8221;4.16&#8243; text_font=&#8221;Montserrat|700|||||||&#8221; text_text_color=&#8221;#ffffff&#8221; text_font_size=&#8221;28px&#8221; text_orientation=&#8221;center&#8221; global_colors_info=&#8221;{}&#8221;]<\/p>\n<p>Not\u00edcias Recentes.<\/p>\n<p>[\/et_pb_text][et_pb_blog fullwidth=&#8221;off&#8221; posts_number=&#8221;3&#8243; excerpt_length=&#8221;120&#8243; show_author=&#8221;off&#8221; show_categories=&#8221;off&#8221; show_excerpt=&#8221;off&#8221; show_pagination=&#8221;off&#8221; use_overlay=&#8221;on&#8221; overlay_icon_color=&#8221;#ffffff&#8221; hover_overlay_color=&#8221;rgba(224,43,32,0.57)&#8221; _builder_version=&#8221;4.16&#8243; box_shadow_style=&#8221;preset3&#8243; box_shadow_blur=&#8221;19px&#8221; global_colors_info=&#8221;{}&#8221;][\/et_pb_blog][et_pb_button button_url=&#8221;@ET-DC@eyJkeW5hbWljIjp0cnVlLCJjb250ZW50IjoicG9zdF9saW5rX3VybF9wYWdlIiwic2V0dGluZ3MiOnsicG9zdF9pZCI6IjMxIn19@&#8221; button_text=&#8221;Mais not\u00edcias&#8221; button_alignment=&#8221;center&#8221; _builder_version=&#8221;4.27.4&#8243; _dynamic_attributes=&#8221;button_url&#8221; custom_button=&#8221;on&#8221; button_text_color=&#8221;#e02b20&#8243; button_bg_color=&#8221;#ffffff&#8221; button_border_radius=&#8221;0px&#8221; custom_margin=&#8221;||29px||false|false&#8221; global_colors_info=&#8221;{}&#8221;][\/et_pb_button][\/et_pb_column][\/et_pb_row][\/et_pb_section][et_pb_section fb_built=&#8221;1&#8243; fullwidth=&#8221;on&#8221; _builder_version=&#8221;4.16&#8243; global_colors_info=&#8221;{}&#8221;][et_pb_fullwidth_code _builder_version=&#8221;4.16&#8243; custom_padding=&#8221;||0px|||&#8221; global_colors_info=&#8221;{}&#8221;]<iframe loading=\"lazy\" src=\"https:\/\/www.google.com\/maps\/embed?pb=!1m18!1m12!1m3!1d3958.694300171939!2d-34.841402985807854!3d-7.161296272250428!2m3!1f0!2f0!3f0!3m2!1i1024!2i768!4f13.1!3m3!1m2!1s0x7acc2f57b84d12d%3A0x4d7eecef9bb28e0d!2sCEHAP%20-%20Companhia%20Estadual%20Habita%C3%A7%C3%A3o%20Popular!5e0!3m2!1spt-BR!2sbr!4v1582218326135!5m2!1spt-BR!2sbr\" width=\"100%\" height=\"450\" frameborder=\"0\" style=\"border:0;\" allowfullscreen=\"\"><\/iframe>[\/et_pb_fullwidth_code][\/et_pb_section]<\/p>\n","protected":false},"excerpt":{"rendered":"<p>Inscri\u00e7\u00f5es INSCRI\u00c7\u00d5ES Licita\u00e7\u00f5es Ouvidoria Not\u00edcias Recentes.<\/p>\n","protected":false},"author":1,"featured_media":0,"parent":0,"menu_order":0,"comment_status":"closed","ping_status":"closed","template":"","meta":{"_et_pb_use_builder":"on","_et_pb_old_content":"<!-- wp:divi\/placeholder \/-->","_et_gb_content_width":"","footnotes":""},"class_list":["post-7","page","type-page","status-publish","hentry"],"_links":{"self":[{"href":"http:\/\/cehap.pb.gov.br\/sitecehap\/wp-json\/wp\/v2\/pages\/7","targetHints":{"allow":["GET"]}}],"collection":[{"href":"http:\/\/cehap.pb.gov.br\/sitecehap\/wp-json\/wp\/v2\/pages"}],"about":[{"href":"http:\/\/cehap.pb.gov.br\/sitecehap\/wp-json\/wp\/v2\/types\/page"}],"author":[{"embeddable":true,"href":"http:\/\/cehap.pb.gov.br\/sitecehap\/wp-json\/wp\/v2\/users\/1"}],"replies":[{"embeddable":true,"href":"http:\/\/cehap.pb.gov.br\/sitecehap\/wp-json\/wp\/v2\/comments?post=7"}],"version-history":[{"count":170,"href":"http:\/\/cehap.pb.gov.br\/sitecehap\/wp-json\/wp\/v2\/pages\/7\/revisions"}],"predecessor-version":[{"id":2227,"href":"http:\/\/cehap.pb.gov.br\/sitecehap\/wp-json\/wp\/v2\/pages\/7\/revisions\/2227"}],"wp:attachment":[{"href":"http:\/\/cehap.pb.gov.br\/sitecehap\/wp-json\/wp\/v2\/media?parent=7"}],"curies":[{"name":"wp","href":"https:\/\/api.w.org\/{rel}","templated":true}]}}